{"id":102,"date":"2026-01-20T14:26:38","date_gmt":"2026-01-20T14:26:38","guid":{"rendered":"https:\/\/limpiezasthai.com\/?page_id=102"},"modified":"2026-02-22T19:31:50","modified_gmt":"2026-02-22T19:31:50","slug":"contacto","status":"publish","type":"page","link":"https:\/\/limpiezasthai.com\/en\/contacto\/","title":{"rendered":"Contacto"},"content":{"rendered":"<div data-elementor-type=\"wp-page\" data-elementor-id=\"102\" class=\"elementor elementor-102\" data-elementor-post-type=\"page\">\n\t\t\t\t<div class=\"elementor-element elementor-element-82b0f82 e-con-full e-flex e-con e-parent\" data-id=\"82b0f82\" data-element_type=\"container\" data-settings=\"{&quot;background_background&quot;:&quot;classic&quot;}\">\n\t\t<div class=\"elementor-element elementor-element-139bdea e-con-full e-flex elementor-invisible e-con e-child\" data-id=\"139bdea\" data-element_type=\"container\" data-settings=\"{&quot;animation&quot;:&quot;fadeIn&quot;}\">\n\t\t\t\t<div class=\"elementor-element elementor-element-545cd58 elementor-widget elementor-widget-heading\" data-id=\"545cd58\" data-element_type=\"widget\" data-widget_type=\"heading.default\">\n\t\t\t\t\t<h1 class=\"elementor-heading-title elementor-size-default\">Contacta con Limpiezas Tha\u00ed<\/h1>\t\t\t\t<\/div>\n\t\t\t\t<div class=\"elementor-element elementor-element-ea15675 elementor-widget elementor-widget-text-editor\" data-id=\"ea15675\" data-element_type=\"widget\" data-widget_type=\"text-editor.default\">\n\t\t\t\t\t\t\t\t\t\u00bfNecesitas servicios de limpieza en Sueca, Valencia? Escr\u00edbenos a limpiezasthai@gmail.com o ll\u00e1manos al 633280995 para consultas, presupuestos o m\u00e1s informaci\u00f3n. Tambi\u00e9n puedes contactarnos por WhatsApp para una respuesta r\u00e1pida. Estamos disponibles para atender tus necesidades de limpieza, ofreciendo soluciones adaptadas a tu situaci\u00f3n. No dudes en ponerte en contacto para programar un servicio o resolver cualquier duda sobre nuestros trabajos. Tu confianza es nuestra prioridad, y estamos comprometidos a brindar un servicio de calidad que garantice espacios limpios y saludables.\t\t\t\t\t\t\t\t<\/div>\n\t\t\t\t<div class=\"elementor-element elementor-element-c465c6f elementor-widget elementor-widget-button\" data-id=\"c465c6f\" data-element_type=\"widget\" data-widget_type=\"button.default\">\n\t\t\t\t\t\t\t\t\t\t<a class=\"elementor-button elementor-button-link elementor-size-sm\" href=\"https:\/\/limpiezasthai.com\/en\/ofertas-trabajo\/\">\n\t\t\t\t\t\t<span class=\"elementor-button-content-wrapper\">\n\t\t\t\t\t\t\t\t\t<span class=\"elementor-button-text\">Ver Ofertas de Trabajo<\/span>\n\t\t\t\t\t<\/span>\n\t\t\t\t\t<\/a>\n\t\t\t\t\t\t\t\t<\/div>\n\t\t\t\t<\/div>\n\t\t\t\t<\/div>\n\t\t<div class=\"elementor-element elementor-element-59a8208 e-con-full e-flex e-con e-parent\" data-id=\"59a8208\" data-element_type=\"container\" data-settings=\"{&quot;background_background&quot;:&quot;classic&quot;}\">\n\t\t\t\t<div class=\"elementor-element elementor-element-b1d9601 elementor-invisible elementor-widget elementor-widget-heading\" data-id=\"b1d9601\" data-element_type=\"widget\" data-settings=\"{&quot;_animation&quot;:&quot;fadeIn&quot;}\" data-widget_type=\"heading.default\">\n\t\t\t\t\t<h2 class=\"elementor-heading-title elementor-size-default\">Contacto<\/h2>\t\t\t\t<\/div>\n\t\t\t\t<\/div>\n\t\t<div class=\"elementor-element elementor-element-e33bc16 e-con-full e-flex e-con e-parent\" data-id=\"e33bc16\" data-element_type=\"container\" data-settings=\"{&quot;background_background&quot;:&quot;classic&quot;}\">\n\t\t<div class=\"elementor-element elementor-element-29d3f5d e-con-full e-flex e-con e-child\" data-id=\"29d3f5d\" data-element_type=\"container\">\n\t\t\t\t<div class=\"elementor-element elementor-element-d2ba263 elementor-widget elementor-widget-heading\" data-id=\"d2ba263\" data-element_type=\"widget\" data-widget_type=\"heading.default\">\n\t\t\t\t\t<h2 class=\"elementor-heading-title elementor-size-default\">Servicio de Limpieza Profesional en Sueca<\/h2>\t\t\t\t<\/div>\n\t\t\t\t<div class=\"elementor-element elementor-element-df37c04 elementor-widget elementor-widget-text-editor\" data-id=\"df37c04\" data-element_type=\"widget\" data-widget_type=\"text-editor.default\">\n\t\t\t\t\t\t\t\t\t\u00bfNecesitas un servicio de limpieza confiable en Sueca, Valencia? En Limpiezas Tha\u00ed ofrecemos soluciones profesionales adaptadas a tus necesidades. Puedes contactarnos por WhatsApp al 633280995, llamarnos al mismo n\u00famero o enviar un correo a limpiezasthai@gmail.com. Estamos disponibles para atenderte, resolver dudas sobre nuestros servicios y proporcionarte un presupuesto sin compromiso.\t\t\t\t\t\t\t\t<\/div>\n\t\t<div class=\"elementor-element elementor-element-86e5231 e-con-full e-flex e-con e-child\" data-id=\"86e5231\" data-element_type=\"container\">\n\t\t<div class=\"elementor-element elementor-element-affea3e e-con-full e-flex e-con e-child\" data-id=\"affea3e\" data-element_type=\"container\">\n\t\t\t\t<div class=\"elementor-element elementor-element-5c94f8e elementor-view-default elementor-position-block-start elementor-mobile-position-block-start elementor-widget elementor-widget-icon-box\" data-id=\"5c94f8e\" data-element_type=\"widget\" data-widget_type=\"icon-box.default\">\n\t\t\t\t\t\t\t<div class=\"elementor-icon-box-wrapper\">\n\n\t\t\t\t\t\t<div class=\"elementor-icon-box-icon\">\n\t\t\t\t<span  class=\"elementor-icon\">\n\t\t\t\t<svg aria-hidden=\"true\" class=\"e-font-icon-svg e-far-envelope\" viewbox=\"0 0 512 512\" xmlns=\"http:\/\/www.w3.org\/2000\/svg\"><path d=\"M464 64H48C21.49 64 0 85.49 0 112v288c0 26.51 21.49 48 48 48h416c26.51 0 48-21.49 48-48V112c0-26.51-21.49-48-48-48zm0 48v40.805c-22.422 18.259-58.168 46.651-134.587 106.49-16.841 13.247-50.201 45.072-73.413 44.701-23.208.375-56.579-31.459-73.413-44.701C106.18 199.465 70.425 171.067 48 152.805V112h416zM48 400V214.398c22.914 18.251 55.409 43.862 104.938 82.646 21.857 17.205 60.134 55.186 103.062 54.955 42.717.231 80.509-37.199 103.053-54.947 49.528-38.783 82.032-64.401 104.947-82.653V400H48z\"><\/path><\/svg>\t\t\t\t<\/span>\n\t\t\t<\/div>\n\t\t\t\n\t\t\t\t\t\t<div class=\"elementor-icon-box-content\">\n\n\t\t\t\t\t\t\t\t\t<h3 class=\"elementor-icon-box-title\">\n\t\t\t\t\t\t<span  >\n\t\t\t\t\t\t\tlimpiezasthai@gmail.com\t\t\t\t\t\t<\/span>\n\t\t\t\t\t<\/h3>\n\t\t\t\t\n\t\t\t\t\n\t\t\t<\/div>\n\t\t\t\n\t\t<\/div>\n\t\t\t\t\t\t<\/div>\n\t\t\t\t<\/div>\n\t\t<div class=\"elementor-element elementor-element-e78bd42 e-con-full e-flex e-con e-child\" data-id=\"e78bd42\" data-element_type=\"container\">\n\t\t\t\t<div class=\"elementor-element elementor-element-cea64ce elementor-view-default elementor-position-block-start elementor-mobile-position-block-start elementor-widget elementor-widget-icon-box\" data-id=\"cea64ce\" data-element_type=\"widget\" data-widget_type=\"icon-box.default\">\n\t\t\t\t\t\t\t<div class=\"elementor-icon-box-wrapper\">\n\n\t\t\t\t\t\t<div class=\"elementor-icon-box-icon\">\n\t\t\t\t<span  class=\"elementor-icon\">\n\t\t\t\t<svg aria-hidden=\"true\" class=\"e-font-icon-svg e-fab-whatsapp\" viewbox=\"0 0 448 512\" xmlns=\"http:\/\/www.w3.org\/2000\/svg\"><path d=\"M380.9 97.1C339 55.1 283.2 32 223.9 32c-122.4 0-222 99.6-222 222 0 39.1 10.2 77.3 29.6 111L0 480l117.7-30.9c32.4 17.7 68.9 27 106.1 27h.1c122.3 0 224.1-99.6 224.1-222 0-59.3-25.2-115-67.1-157zm-157 341.6c-33.2 0-65.7-8.9-94-25.7l-6.7-4-69.8 18.3L72 359.2l-4.4-7c-18.5-29.4-28.2-63.3-28.2-98.2 0-101.7 82.8-184.5 184.6-184.5 49.3 0 95.6 19.2 130.4 54.1 34.8 34.9 56.2 81.2 56.1 130.5 0 101.8-84.9 184.6-186.6 184.6zm101.2-138.2c-5.5-2.8-32.8-16.2-37.9-18-5.1-1.9-8.8-2.8-12.5 2.8-3.7 5.6-14.3 18-17.6 21.8-3.2 3.7-6.5 4.2-12 1.4-32.6-16.3-54-29.1-75.5-66-5.7-9.8 5.7-9.1 16.3-30.3 1.8-3.7.9-6.9-.5-9.7-1.4-2.8-12.5-30.1-17.1-41.2-4.5-10.8-9.1-9.3-12.5-9.5-3.2-.2-6.9-.2-10.6-.2-3.7 0-9.7 1.4-14.8 6.9-5.1 5.6-19.4 19-19.4 46.3 0 27.3 19.9 53.7 22.6 57.4 2.8 3.7 39.1 59.7 94.8 83.8 35.2 15.2 49 16.5 66.6 13.9 10.7-1.6 32.8-13.4 37.4-26.4 4.6-13 4.6-24.1 3.2-26.4-1.3-2.5-5-3.9-10.5-6.6z\"><\/path><\/svg>\t\t\t\t<\/span>\n\t\t\t<\/div>\n\t\t\t\n\t\t\t\t\t\t<div class=\"elementor-icon-box-content\">\n\n\t\t\t\t\t\t\t\t\t<h3 class=\"elementor-icon-box-title\">\n\t\t\t\t\t\t<span  >\n\t\t\t\t\t\t\t633280995\t\t\t\t\t\t<\/span>\n\t\t\t\t\t<\/h3>\n\t\t\t\t\n\t\t\t\t\n\t\t\t<\/div>\n\t\t\t\n\t\t<\/div>\n\t\t\t\t\t\t<\/div>\n\t\t\t\t<\/div>\n\t\t\t\t<\/div>\n\t\t\t\t<\/div>\n\t\t<div class=\"elementor-element elementor-element-7e58c32 e-con-full e-flex e-con e-child\" data-id=\"7e58c32\" data-element_type=\"container\">\n\t\t\t\t<div class=\"elementor-element elementor-element-f0844d8 elementor-button-align-stretch elementor-widget elementor-widget-form\" data-id=\"f0844d8\" data-element_type=\"widget\" data-settings=\"{&quot;step_next_label&quot;:&quot;Siguiente&quot;,&quot;step_previous_label&quot;:&quot;Anterior&quot;,&quot;button_width&quot;:&quot;100&quot;,&quot;step_type&quot;:&quot;number_text&quot;,&quot;step_icon_shape&quot;:&quot;circle&quot;}\" data-widget_type=\"form.default\">\n\t\t\t\t\t\t\t<form class=\"elementor-form\" method=\"post\" name=\"Nuevo formulario\" aria-label=\"Nuevo formulario\" action=\"\">\n\t\t\t<input type=\"hidden\" name=\"post_id\" value=\"102\"\/>\n\t\t\t<input type=\"hidden\" name=\"form_id\" value=\"f0844d8\"\/>\n\t\t\t<input type=\"hidden\" name=\"referer_title\" value=\"Limpiezas Thai\" \/>\n\n\t\t\t\n\t\t\t<div class=\"elementor-form-fields-wrapper elementor-labels-above\">\n\t\t\t\t\t\t\t\t<div class=\"elementor-field-type-text elementor-field-group elementor-column elementor-field-group-name elementor-col-100\">\n\t\t\t\t\t\t\t\t\t\t\t\t<label for=\"form-field-name\" class=\"elementor-field-label\">\n\t\t\t\t\t\t\t\tNombre\t\t\t\t\t\t\t<\/label>\n\t\t\t\t\t\t\t\t\t\t\t\t\t\t<input size=\"1\" type=\"text\" name=\"form_fields[name]\" id=\"form-field-name\" class=\"elementor-field elementor-size-sm  elementor-field-textual\" placeholder=\"Nombre\">\n\t\t\t\t\t\t\t\t\t\t\t<\/div>\n\t\t\t\t\t\t\t\t<div class=\"elementor-field-type-email elementor-field-group elementor-column elementor-field-group-email elementor-col-100 elementor-field-required\">\n\t\t\t\t\t\t\t\t\t\t\t\t<label for=\"form-field-email\" class=\"elementor-field-label\">\n\t\t\t\t\t\t\t\tCorreo electr\u00f3nico\t\t\t\t\t\t\t<\/label>\n\t\t\t\t\t\t\t\t\t\t\t\t\t\t<input size=\"1\" type=\"email\" name=\"form_fields[email]\" id=\"form-field-email\" class=\"elementor-field elementor-size-sm  elementor-field-textual\" placeholder=\"Correo electr\u00f3nico\" required=\"required\">\n\t\t\t\t\t\t\t\t\t\t\t<\/div>\n\t\t\t\t\t\t\t\t<div class=\"elementor-field-type-textarea elementor-field-group elementor-column elementor-field-group-message elementor-col-100\">\n\t\t\t\t\t\t\t\t\t\t\t\t<label for=\"form-field-message\" class=\"elementor-field-label\">\n\t\t\t\t\t\t\t\tMensaje\t\t\t\t\t\t\t<\/label>\n\t\t\t\t\t\t<textarea class=\"elementor-field-textual elementor-field  elementor-size-sm\" name=\"form_fields[message]\" id=\"form-field-message\" rows=\"4\" placeholder=\"Mensaje\"><\/textarea>\t\t\t\t<\/div>\n\t\t\t\t\t\t\t\t<div class=\"elementor-field-type-recaptcha_v3 elementor-field-group elementor-column elementor-field-group-field_9e43c17 elementor-col-100 recaptcha_v3-bottomright\">\n\t\t\t\t\t<div class=\"elementor-field\" id=\"form-field-field_9e43c17\"><div class=\"elementor-g-recaptcha\" data-sitekey=\"6LfZkFYsAAAAAORR8Cwfo-eQzoJo3B-qlsLgbKFJ\" data-type=\"v3\" data-action=\"Form\" data-badge=\"bottomright\" data-size=\"invisible\"><\/div><\/div>\t\t\t\t<\/div>\n\t\t\t\t\t\t\t\t<div class=\"elementor-field-group elementor-column elementor-field-type-submit elementor-col-100 e-form__buttons\">\n\t\t\t\t\t<button class=\"elementor-button elementor-size-sm\" type=\"submit\">\n\t\t\t\t\t\t<span class=\"elementor-button-content-wrapper\">\n\t\t\t\t\t\t\t\t\t\t\t\t\t\t\t\t\t\t\t\t\t\t<span class=\"elementor-button-text\">Enviar<\/span>\n\t\t\t\t\t\t\t\t\t\t\t\t\t<\/span>\n\t\t\t\t\t<\/button>\n\t\t\t\t<\/div>\n\t\t\t<\/div>\n\t\t<input type=\"hidden\" name=\"trp-form-language\" value=\"en\"\/><\/form>\n\t\t\t\t\t\t<\/div>\n\t\t\t\t<\/div>\n\t\t\t\t<\/div>\n\t\t\t\t<\/div>","protected":false},"excerpt":{"rendered":"<p>Contacto<\/p>","protected":false},"author":1,"featured_media":0,"parent":0,"menu_order":0,"comment_status":"closed","ping_status":"closed","template":"","meta":{"_acf_changed":false,"footnotes":""},"class_list":["post-102","page","type-page","status-publish","hentry"],"acf":[],"yoast_head":"<!-- This site is optimized with the Yoast SEO plugin v26.8 - https:\/\/yoast.com\/product\/yoast-seo-wordpress\/ -->\n<title>Contacto - Limpiezas Thai en Sueca<\/title>\n<meta name=\"description\" content=\"Contacta con Limpiezas Thai para discutir nuestros servicios de limpieza en Sueca. Estamos aqu\u00ed para ayudarte con todas tus consultas. M\u00e1s info sobre servi\" \/>\n<meta name=\"robots\" content=\"index, follow, max-snippet:-1, max-image-preview:large, max-video-preview:-1\" \/>\n<link rel=\"canonical\" href=\"http:\/\/limpiezasthai.com\/en\/contacto\/\" \/>\n<meta property=\"og:locale\" content=\"en_US\" \/>\n<meta property=\"og:type\" content=\"article\" \/>\n<meta property=\"og:title\" content=\"Contacto - Limpiezas Thai en Sueca\" \/>\n<meta property=\"og:description\" content=\"Contacta con Limpiezas Thai para discutir nuestros servicios de limpieza en Sueca. Estamos aqu\u00ed para ayudarte con todas tus consultas. M\u00e1s info sobre servi\" \/>\n<meta property=\"og:url\" content=\"http:\/\/limpiezasthai.com\/en\/contacto\/\" \/>\n<meta property=\"og:site_name\" content=\"Limpiezas Thai\" \/>\n<meta property=\"article:modified_time\" content=\"2026-02-22T19:31:50+00:00\" \/>\n<meta name=\"twitter:card\" content=\"summary_large_image\" \/>\n<meta name=\"twitter:label1\" content=\"Est. reading time\" \/>\n\t<meta name=\"twitter:data1\" content=\"1 minute\" \/>\n<script type=\"application\/ld+json\" class=\"yoast-schema-graph\">{\"@context\":\"https:\/\/schema.org\",\"@graph\":[{\"@type\":\"WebPage\",\"@id\":\"http:\/\/limpiezasthai.com\/contacto\/\",\"url\":\"http:\/\/limpiezasthai.com\/contacto\/\",\"name\":\"Contacto - Limpiezas Thai en Sueca\",\"isPartOf\":{\"@id\":\"http:\/\/limpiezasthai.com\/#website\"},\"datePublished\":\"2026-01-20T14:26:38+00:00\",\"dateModified\":\"2026-02-22T19:31:50+00:00\",\"description\":\"Contacta con Limpiezas Thai para discutir nuestros servicios de limpieza en Sueca. Estamos aqu\u00ed para ayudarte con todas tus consultas. M\u00e1s info sobre servi\",\"breadcrumb\":{\"@id\":\"http:\/\/limpiezasthai.com\/contacto\/#breadcrumb\"},\"inLanguage\":\"en-US\",\"potentialAction\":[{\"@type\":\"ReadAction\",\"target\":[\"http:\/\/limpiezasthai.com\/contacto\/\"]}]},{\"@type\":\"BreadcrumbList\",\"@id\":\"http:\/\/limpiezasthai.com\/contacto\/#breadcrumb\",\"itemListElement\":[{\"@type\":\"ListItem\",\"position\":1,\"name\":\"Portada\",\"item\":\"http:\/\/limpiezasthai.com\/\"},{\"@type\":\"ListItem\",\"position\":2,\"name\":\"Contacto\"}]},{\"@type\":\"WebSite\",\"@id\":\"http:\/\/limpiezasthai.com\/#website\",\"url\":\"http:\/\/limpiezasthai.com\/\",\"name\":\"Limpiezas Thai\",\"description\":\"Empresa de Limpieza en Sueca, Valencia\",\"potentialAction\":[{\"@type\":\"SearchAction\",\"target\":{\"@type\":\"EntryPoint\",\"urlTemplate\":\"http:\/\/limpiezasthai.com\/?s={search_term_string}\"},\"query-input\":{\"@type\":\"PropertyValueSpecification\",\"valueRequired\":true,\"valueName\":\"search_term_string\"}}],\"inLanguage\":\"en-US\"}]}<\/script>\n<!-- \/ Yoast SEO plugin. -->","yoast_head_json":{"title":"Contacto - Limpiezas Thai en Sueca","description":"Contacta con Limpiezas Thai para discutir nuestros servicios de limpieza en Sueca. Estamos aqu\u00ed para ayudarte con todas tus consultas. M\u00e1s info sobre servi","robots":{"index":"index","follow":"follow","max-snippet":"max-snippet:-1","max-image-preview":"max-image-preview:large","max-video-preview":"max-video-preview:-1"},"canonical":"http:\/\/limpiezasthai.com\/en\/contacto\/","og_locale":"en_US","og_type":"article","og_title":"Contacto - Limpiezas Thai en Sueca","og_description":"Contacta con Limpiezas Thai para discutir nuestros servicios de limpieza en Sueca. Estamos aqu\u00ed para ayudarte con todas tus consultas. M\u00e1s info sobre servi","og_url":"http:\/\/limpiezasthai.com\/en\/contacto\/","og_site_name":"Limpiezas Thai","article_modified_time":"2026-02-22T19:31:50+00:00","twitter_card":"summary_large_image","twitter_misc":{"Est. reading time":"1 minute"},"schema":{"@context":"https:\/\/schema.org","@graph":[{"@type":"WebPage","@id":"http:\/\/limpiezasthai.com\/contacto\/","url":"http:\/\/limpiezasthai.com\/contacto\/","name":"Contacto - Limpiezas Thai en Sueca","isPartOf":{"@id":"http:\/\/limpiezasthai.com\/#website"},"datePublished":"2026-01-20T14:26:38+00:00","dateModified":"2026-02-22T19:31:50+00:00","description":"Contacta con Limpiezas Thai para discutir nuestros servicios de limpieza en Sueca. Estamos aqu\u00ed para ayudarte con todas tus consultas. M\u00e1s info sobre servi","breadcrumb":{"@id":"http:\/\/limpiezasthai.com\/contacto\/#breadcrumb"},"inLanguage":"en-US","potentialAction":[{"@type":"ReadAction","target":["http:\/\/limpiezasthai.com\/contacto\/"]}]},{"@type":"BreadcrumbList","@id":"http:\/\/limpiezasthai.com\/contacto\/#breadcrumb","itemListElement":[{"@type":"ListItem","position":1,"name":"Portada","item":"http:\/\/limpiezasthai.com\/"},{"@type":"ListItem","position":2,"name":"Contacto"}]},{"@type":"WebSite","@id":"http:\/\/limpiezasthai.com\/#website","url":"http:\/\/limpiezasthai.com\/","name":"Limpiezas Thai","description":"Empresa de Limpieza en Sueca, Valencia","potentialAction":[{"@type":"SearchAction","target":{"@type":"EntryPoint","urlTemplate":"http:\/\/limpiezasthai.com\/?s={search_term_string}"},"query-input":{"@type":"PropertyValueSpecification","valueRequired":true,"valueName":"search_term_string"}}],"inLanguage":"en-US"}]}},"_links":{"self":[{"href":"https:\/\/limpiezasthai.com\/en\/wp-json\/wp\/v2\/pages\/102","targetHints":{"allow":["GET"]}}],"collection":[{"href":"https:\/\/limpiezasthai.com\/en\/wp-json\/wp\/v2\/pages"}],"about":[{"href":"https:\/\/limpiezasthai.com\/en\/wp-json\/wp\/v2\/types\/page"}],"author":[{"embeddable":true,"href":"https:\/\/limpiezasthai.com\/en\/wp-json\/wp\/v2\/users\/1"}],"replies":[{"embeddable":true,"href":"https:\/\/limpiezasthai.com\/en\/wp-json\/wp\/v2\/comments?post=102"}],"version-history":[{"count":83,"href":"https:\/\/limpiezasthai.com\/en\/wp-json\/wp\/v2\/pages\/102\/revisions"}],"predecessor-version":[{"id":1264,"href":"https:\/\/limpiezasthai.com\/en\/wp-json\/wp\/v2\/pages\/102\/revisions\/1264"}],"wp:attachment":[{"href":"https:\/\/limpiezasthai.com\/en\/wp-json\/wp\/v2\/media?parent=102"}],"curies":[{"name":"wp","href":"https:\/\/api.w.org\/{rel}","templated":true}]}}